{"id":3424,"date":"2015-08-07T11:07:41","date_gmt":"2015-08-07T09:07:41","guid":{"rendered":"http:\/\/www.masaza-igorhocevar.si\/?page_id=3424"},"modified":"2021-02-06T16:46:29","modified_gmt":"2021-02-06T15:46:29","slug":"massage-packages","status":"publish","type":"page","link":"https:\/\/www.masaza-igorhocevar.si\/en\/massage-packages\/","title":{"rendered":"Massage Packages"},"content":{"rendered":"<p>[vc_row rt_row_background_width=&#8221;default&#8221; rt_row_style=&#8221;default-style&#8221; rt_row_borders=&#8221;&#8221; rt_row_paddings=&#8221;true&#8221; rt_bg_image=&#8221;2810&#8243; rt_bg_effect=&#8221;classic&#8221; rt_bg_image_repeat=&#8221;repeat&#8221; rt_bg_size=&#8221;cover&#8221; rt_bg_position=&#8221;right top&#8221; rt_bg_attachment=&#8221;scroll&#8221; rt_bg_video_format=&#8221;self-hosted&#8221; rt_row_height=&#8221;100&#8243;][vc_column rt_wrp_col_paddings=&#8221;false&#8221; rt_border_top=&#8221;&#8221; rt_border_bottom=&#8221;&#8221; rt_border_left=&#8221;&#8221; rt_border_right=&#8221;&#8221; rt_border_top_mobile=&#8221;&#8221; rt_border_bottom_mobile=&#8221;&#8221; rt_border_left_mobile=&#8221;&#8221; rt_border_right_mobile=&#8221;&#8221; rt_bg_image_repeat=&#8221;repeat&#8221; rt_bg_size=&#8221;auto auto&#8221; rt_bg_position=&#8221;right top&#8221; rt_bg_attachment=&#8221;scroll&#8221;]<div class=\"rt_heading_wrapper style-4\">\n\t\t\t\t\t\t<h1 class=\"rt_heading headingpadd style-4\" >Massage Packages &#8211; 20% discount<\/h1>\n\t\t\t\t\t<\/div>[\/vc_column][\/vc_row][vc_row rt_row_background_width=&#8221;default&#8221; rt_row_style=&#8221;default-style&#8221; rt_row_borders=&#8221;&#8221; rt_row_paddings=&#8221;true&#8221; rt_bg_effect=&#8221;classic&#8221; rt_bg_image_repeat=&#8221;repeat&#8221; rt_bg_size=&#8221;cover&#8221; rt_bg_position=&#8221;right top&#8221; rt_bg_attachment=&#8221;scroll&#8221; rt_bg_video_format=&#8221;self-hosted&#8221; rt_padding_bottom=&#8221;0&#8243;][vc_column width=&#8221;1\/2&#8243; rt_wrp_col_paddings=&#8221;false&#8221; rt_border_top=&#8221;&#8221; rt_border_bottom=&#8221;&#8221; rt_border_left=&#8221;&#8221; rt_border_right=&#8221;&#8221; rt_border_top_mobile=&#8221;&#8221; rt_border_bottom_mobile=&#8221;&#8221; rt_border_left_mobile=&#8221;&#8221; rt_border_right_mobile=&#8221;&#8221; rt_bg_image_repeat=&#8221;repeat&#8221; rt_bg_size=&#8221;auto auto&#8221; rt_bg_position=&#8221;right top&#8221; rt_bg_attachment=&#8221;scroll&#8221;][vc_column_text]<\/p>\n<h6>PAKET 4+1<\/h6>\n<p>Paketi masa\u017e so namenjeni ljudem, ki cenijo dobro po\u010dutje in redno masa\u017eo prepoznajo kot velik prispevek k bolj\u0161emu po\u010dutju in kvalitetnej\u0161emu \u017eivljenju. Masa\u017ee iz paketa lahko koristite poljubno kadar \u017eelite, lahko jih tudi podarite. Za\u017eeljeno in za zdravje koristno je, da pridete na masa\u017eo vsaj 1 x mese\u010dno. Skozi prakso se je pokazalo, da je masa\u017ea enkrat mese\u010dno dovolj za vzdr\u017eevanje izbolj\u0161anega stanja organizma in bla\u017eitev ali odpravljanje stresa, pod pogojem da se masa\u017ee izvaja redno. Seveda v primeru akutnih problemov, predvsem s hrbtom, svetujemo na za\u010detku kraj\u0161e intervale med masa\u017eami, nakar se presledki podalj\u0161ujejo, skladno z izbolj\u0161anim stanjem organizma.[\/vc_column_text][\/vc_column][vc_column width=&#8221;1\/2&#8243; rt_wrp_col_paddings=&#8221;false&#8221; rt_border_top=&#8221;&#8221; rt_border_bottom=&#8221;&#8221; rt_border_left=&#8221;&#8221; rt_border_right=&#8221;&#8221; rt_border_top_mobile=&#8221;&#8221; rt_border_bottom_mobile=&#8221;&#8221; rt_border_left_mobile=&#8221;&#8221; rt_border_right_mobile=&#8221;&#8221; rt_bg_image_repeat=&#8221;repeat&#8221; rt_bg_size=&#8221;auto auto&#8221; rt_bg_position=&#8221;right top&#8221; rt_bg_attachment=&#8221;scroll&#8221;][vc_column_text]<\/p>\n<h6>If you buy 4 massages in package, we are giving you free fifth masage.<\/h6>\n<p>[\/vc_column_text]<div id=\"\" class=\"pricing_table service \" data-rt-animation-group=\"group\"><div id=\"\" class=\"table_wrap  \" data-rt-animate=\"animate\" data-rt-animation-type=\"fadeInDown\"><ul>\n\t\t<li class=\"caption\">\n\t\t\t<div class=\"title\">5x Therapeutic Back Massage (TBM)\n\t<small>\n\t\tinstead 175 \u20ac \n\t<\/small>\n\t<\/div>\n\t\t<\/li>\n\t\t\n\t\t<li class=\"price\">\n\t\t\t<div>\n\t\t\t\t<span>140 \u20ac<\/span>\n\t\t\t<\/div>\n\t\t<\/li>\n\t\t<li class=\"start_position\">savings 35 \u20ac<\/li>\n<li>single massage in package <strong>28,00 \u20ac<\/strong><\/li>\n<\/ul>\n<\/div><\/div>[\/vc_column][\/vc_row][vc_row rt_row_background_width=&#8221;default&#8221; rt_row_style=&#8221;default-style&#8221; rt_row_borders=&#8221;&#8221; rt_row_paddings=&#8221;true&#8221; rt_bg_effect=&#8221;classic&#8221; rt_bg_image_repeat=&#8221;repeat&#8221; rt_bg_size=&#8221;cover&#8221; rt_bg_position=&#8221;right top&#8221; rt_bg_attachment=&#8221;scroll&#8221; rt_bg_video_format=&#8221;self-hosted&#8221;][vc_column width=&#8221;1\/4&#8243; rt_wrp_col_paddings=&#8221;false&#8221; rt_border_top=&#8221;&#8221; rt_border_bottom=&#8221;&#8221; rt_border_left=&#8221;&#8221; rt_border_right=&#8221;&#8221; rt_border_top_mobile=&#8221;&#8221; rt_border_bottom_mobile=&#8221;&#8221; rt_border_left_mobile=&#8221;&#8221; rt_border_right_mobile=&#8221;&#8221; rt_bg_image_repeat=&#8221;repeat&#8221; rt_bg_size=&#8221;auto auto&#8221; rt_bg_position=&#8221;right top&#8221; rt_bg_attachment=&#8221;scroll&#8221;]<div id=\"\" class=\"pricing_table service \" data-rt-animation-group=\"group\"><div id=\"\" class=\"table_wrap  \" data-rt-animate=\"animate\" data-rt-animation-type=\"fadeInDown\"><ul>\n\t\t<li class=\"caption\">\n\t\t\t<div class=\"title\">5x massage 45 minutes\n\t<small>\n\t\tinstead 240 \u20ac \n\t<\/small>\n\t<\/div>\n\t\t<\/li>\n\t\t\n\t\t<li class=\"price\">\n\t\t\t<div>\n\t\t\t\t<span>192 \u20ac<\/span>\n\t\t\t<\/div>\n\t\t<\/li>\n\t\t<li class=\"start_position\">savings 48 \u20ac<\/li>\n<li>single massage in package <strong>38,40 \u20ac<\/strong><\/li>\n<\/ul>\n<\/div><\/div>[\/vc_column][vc_column width=&#8221;1\/4&#8243; rt_wrp_col_paddings=&#8221;false&#8221; rt_border_top=&#8221;&#8221; rt_border_bottom=&#8221;&#8221; rt_border_left=&#8221;&#8221; rt_border_right=&#8221;&#8221; rt_border_top_mobile=&#8221;&#8221; rt_border_bottom_mobile=&#8221;&#8221; rt_border_left_mobile=&#8221;&#8221; rt_border_right_mobile=&#8221;&#8221; rt_bg_image_repeat=&#8221;repeat&#8221; rt_bg_size=&#8221;auto auto&#8221; rt_bg_position=&#8221;right top&#8221; rt_bg_attachment=&#8221;scroll&#8221;]<div id=\"\" class=\"pricing_table service \" data-rt-animation-group=\"group\"><div id=\"\" class=\"table_wrap  \" data-rt-animate=\"animate\" data-rt-animation-type=\"fadeInDown\"><ul>\n\t\t<li class=\"caption\">\n\t\t\t<div class=\"title\">5x massage 60 minutes\n\t<small>\n\t\tinstead 300 \u20ac \n\t<\/small>\n\t<\/div>\n\t\t<\/li>\n\t\t\n\t\t<li class=\"price\">\n\t\t\t<div>\n\t\t\t\t<span>240 \u20ac<\/span>\n\t\t\t<\/div>\n\t\t<\/li>\n\t\t<li class=\"start_position\">savings 60 \u20ac<\/li>\n<li>single massage in package <strong>48,00 \u20ac<\/strong><\/li>\n<\/ul>\n<\/div><\/div>[\/vc_column][vc_column width=&#8221;1\/4&#8243; rt_wrp_col_paddings=&#8221;false&#8221; rt_border_top=&#8221;&#8221; rt_border_bottom=&#8221;&#8221; rt_border_left=&#8221;&#8221; rt_border_right=&#8221;&#8221; rt_border_top_mobile=&#8221;&#8221; rt_border_bottom_mobile=&#8221;&#8221; rt_border_left_mobile=&#8221;&#8221; rt_border_right_mobile=&#8221;&#8221; rt_bg_image_repeat=&#8221;repeat&#8221; rt_bg_size=&#8221;auto auto&#8221; rt_bg_position=&#8221;right top&#8221; rt_bg_attachment=&#8221;scroll&#8221;]<div id=\"\" class=\"pricing_table service \" data-rt-animation-group=\"group\"><div id=\"\" class=\"table_wrap  \" data-rt-animate=\"animate\" data-rt-animation-type=\"fadeInDown\"><ul>\n\t\t<li class=\"caption\">\n\t\t\t<div class=\"title\">5x massage 70 minutes\n\t<small>\n\t\tinstead 350 \u20ac \n\t<\/small>\n\t<\/div>\n\t\t<\/li>\n\t\t\n\t\t<li class=\"price\">\n\t\t\t<div>\n\t\t\t\t<span>280 \u20ac<\/span>\n\t\t\t<\/div>\n\t\t<\/li>\n\t\t<li class=\"start_position\">savings 70 \u20ac<\/li>\n<li>single massage in package <strong>56,00 \u20ac<\/strong><\/li>\n<\/ul>\n<\/div><\/div>[\/vc_column][vc_column width=&#8221;1\/4&#8243; rt_wrp_col_paddings=&#8221;false&#8221; rt_border_top=&#8221;&#8221; rt_border_bottom=&#8221;&#8221; rt_border_left=&#8221;&#8221; rt_border_right=&#8221;&#8221; rt_border_top_mobile=&#8221;&#8221; rt_border_bottom_mobile=&#8221;&#8221; rt_border_left_mobile=&#8221;&#8221; rt_border_right_mobile=&#8221;&#8221; rt_bg_image_repeat=&#8221;repeat&#8221; rt_bg_size=&#8221;auto auto&#8221; rt_bg_position=&#8221;right top&#8221; rt_bg_attachment=&#8221;scroll&#8221;]<div id=\"\" class=\"pricing_table service \" data-rt-animation-group=\"group\"><div id=\"\" class=\"table_wrap  \" data-rt-animate=\"animate\" data-rt-animation-type=\"fadeInDown\"><ul>\n\t\t<li class=\"caption\">\n\t\t\t<div class=\"title\">5x massage 90 minutes\n\t<small>\n\t\tinstead 425 \u20ac \n\t<\/small>\n\t<\/div>\n\t\t<\/li>\n\t\t\n\t\t<li class=\"price\">\n\t\t\t<div>\n\t\t\t\t<span>340 \u20ac<\/span>\n\t\t\t<\/div>\n\t\t<\/li>\n\t\t<li class=\"start_position\">savings 85 \u20ac<\/li>\n<li>single massage in package <strong>68,00 \u20ac<\/strong><\/li>\n<\/ul>\n<\/div><\/div>[\/vc_column][\/vc_row][vc_row rt_row_background_width=&#8221;default&#8221; rt_row_style=&#8221;default-style&#8221; rt_row_borders=&#8221;&#8221; rt_row_paddings=&#8221;true&#8221; rt_bg_effect=&#8221;classic&#8221; rt_bg_image_repeat=&#8221;repeat&#8221; rt_bg_size=&#8221;cover&#8221; rt_bg_position=&#8221;right top&#8221; rt_bg_attachment=&#8221;scroll&#8221; rt_bg_video_format=&#8221;self-hosted&#8221;][vc_column rt_wrp_col_paddings=&#8221;false&#8221; rt_border_top=&#8221;&#8221; rt_border_bottom=&#8221;&#8221; rt_border_left=&#8221;&#8221; rt_border_right=&#8221;&#8221; rt_border_top_mobile=&#8221;&#8221; rt_border_bottom_mobile=&#8221;&#8221; rt_border_left_mobile=&#8221;&#8221; rt_border_right_mobile=&#8221;&#8221; rt_bg_image_repeat=&#8221;repeat&#8221; rt_bg_size=&#8221;auto auto&#8221; rt_bg_position=&#8221;right top&#8221; rt_bg_attachment=&#8221;scroll&#8221;][vc_column_text]<\/p>\n<h6 style=\"text-align: center;\"><strong>Payment is cash only.<\/strong><\/h6>\n<p>[\/vc_column_text][\/vc_column][\/vc_row]<\/p>\n","protected":false},"excerpt":{"rendered":"<p>[vc_row rt_row_background_width=&#8221;default&#8221; rt_row_style=&#8221;default-style&#8221; rt_row_borders=&#8221;&#8221; rt_row_paddings=&#8221;true&#8221; rt_bg_image=&#8221;2810&#8243; rt_bg_effect=&#8221;classic&#8221; rt_bg_image_repeat=&#8221;repeat&#8221; rt_bg_size=&#8221;cover&#8221; rt_bg_position=&#8221;right top&#8221; rt_bg_attachment=&#8221;scroll&#8221; rt_bg_video_format=&#8221;self-hosted&#8221; rt_row_height=&#8221;100&#8243;][vc_column rt_wrp_col_paddings=&#8221;false&#8221; rt_border_top=&#8221;&#8221; rt_border_bottom=&#8221;&#8221; rt_border_left=&#8221;&#8221; rt_border_right=&#8221;&#8221; rt_border_top_mobile=&#8221;&#8221; rt_border_bottom_mobile=&#8221;&#8221; rt_border_left_mobile=&#8221;&#8221; rt_border_right_mobile=&#8221;&#8221; rt_bg_image_repeat=&#8221;repeat&#8221; rt_bg_size=&#8221;auto auto&#8221; rt_bg_position=&#8221;right top&#8221; rt_bg_attachment=&#8221;scroll&#8221;][\/vc_column][\/vc_row][vc_row rt_row_background_width=&#8221;default&#8221; rt_row_style=&#8221;default-style&#8221; rt_row_borders=&#8221;&#8221; rt_row_paddings=&#8221;true&#8221; rt_bg_effect=&#8221;classic&#8221; rt_bg_image_repeat=&#8221;repeat&#8221; rt_bg_size=&#8221;cover&#8221; rt_bg_position=&#8221;right top&#8221; rt_bg_attachment=&#8221;scroll&#8221; rt_bg_video_format=&#8221;self-hosted&#8221; rt_padding_bottom=&#8221;0&#8243;][vc_column width=&#8221;1\/2&#8243; rt_wrp_col_paddings=&#8221;false&#8221; rt_border_top=&#8221;&#8221; rt_border_bottom=&#8221;&#8221; rt_border_left=&#8221;&#8221; rt_border_right=&#8221;&#8221; rt_border_top_mobile=&#8221;&#8221; rt_border_bottom_mobile=&#8221;&#8221; rt_border_left_mobile=&#8221;&#8221; rt_border_right_mobile=&#8221;&#8221; rt_bg_image_repeat=&#8221;repeat&#8221; rt_bg_size=&#8221;auto auto&#8221; rt_bg_position=&#8221;right [&hellip;]<\/p>\n","protected":false},"author":3,"featured_media":0,"parent":0,"menu_order":0,"comment_status":"closed","ping_status":"closed","template":"","meta":{"footnotes":""},"class_list":["post-3424","page","type-page","status-publish","hentry"],"yoast_head":"<!-- This site is optimized with the Yoast SEO plugin v24.9 - https:\/\/yoast.com\/wordpress\/plugins\/seo\/ -->\n<title>Massage Packages | Discount on all massages<\/title>\n<meta name=\"description\" content=\"PACKAGE 4+1 - If you purchase four (4) classic massages in advance, you will receive the additional fifth free of charge\" \/>\n<meta name=\"robots\" content=\"index, follow, max-snippet:-1, max-image-preview:large, max-video-preview:-1\" \/>\n<link rel=\"canonical\" href=\"https:\/\/www.masaza-igorhocevar.si\/en\/massage-packages\/\" \/>\n<meta property=\"og:locale\" content=\"en_US\" \/>\n<meta property=\"og:type\" content=\"article\" \/>\n<meta property=\"og:title\" content=\"Massage Packages | Discount on all massages\" \/>\n<meta property=\"og:description\" content=\"PACKAGE 4+1 - If you purchase four (4) classic massages in advance, you will receive the additional fifth free of charge\" \/>\n<meta property=\"og:url\" content=\"https:\/\/www.masaza-igorhocevar.si\/en\/massage-packages\/\" \/>\n<meta property=\"og:site_name\" content=\"Masa\u017ea\" \/>\n<meta property=\"article:modified_time\" content=\"2021-02-06T15:46:29+00:00\" \/>\n<meta name=\"twitter:label1\" content=\"Est. reading time\" \/>\n\t<meta name=\"twitter:data1\" content=\"5 minutes\" \/>\n<script type=\"application\/ld+json\" class=\"yoast-schema-graph\">{\"@context\":\"https:\/\/schema.org\",\"@graph\":[{\"@type\":\"WebPage\",\"@id\":\"https:\/\/www.masaza-igorhocevar.si\/en\/massage-packages\/\",\"url\":\"https:\/\/www.masaza-igorhocevar.si\/en\/massage-packages\/\",\"name\":\"Massage Packages | Discount on all massages\",\"isPartOf\":{\"@id\":\"https:\/\/www.masaza-igorhocevar.si\/#website\"},\"datePublished\":\"2015-08-07T09:07:41+00:00\",\"dateModified\":\"2021-02-06T15:46:29+00:00\",\"description\":\"PACKAGE 4+1 - If you purchase four (4) classic massages in advance, you will receive the additional fifth free of charge\",\"breadcrumb\":{\"@id\":\"https:\/\/www.masaza-igorhocevar.si\/en\/massage-packages\/#breadcrumb\"},\"inLanguage\":\"en-US\",\"potentialAction\":[{\"@type\":\"ReadAction\",\"target\":[\"https:\/\/www.masaza-igorhocevar.si\/en\/massage-packages\/\"]}]},{\"@type\":\"BreadcrumbList\",\"@id\":\"https:\/\/www.masaza-igorhocevar.si\/en\/massage-packages\/#breadcrumb\",\"itemListElement\":[{\"@type\":\"ListItem\",\"position\":1,\"name\":\"Home\",\"item\":\"https:\/\/www.masaza-igorhocevar.si\/en\/\"},{\"@type\":\"ListItem\",\"position\":2,\"name\":\"Massage Packages\"}]},{\"@type\":\"WebSite\",\"@id\":\"https:\/\/www.masaza-igorhocevar.si\/#website\",\"url\":\"https:\/\/www.masaza-igorhocevar.si\/\",\"name\":\"Masa\u017ea\",\"description\":\"Masa\u017ea za kvalitetnej\u0161e \u017eivljenje\",\"potentialAction\":[{\"@type\":\"SearchAction\",\"target\":{\"@type\":\"EntryPoint\",\"urlTemplate\":\"https:\/\/www.masaza-igorhocevar.si\/?s={search_term_string}\"},\"query-input\":{\"@type\":\"PropertyValueSpecification\",\"valueRequired\":true,\"valueName\":\"search_term_string\"}}],\"inLanguage\":\"en-US\"}]}<\/script>\n<!-- \/ Yoast SEO plugin. -->","yoast_head_json":{"title":"Massage Packages | Discount on all massages","description":"PACKAGE 4+1 - If you purchase four (4) classic massages in advance, you will receive the additional fifth free of charge","robots":{"index":"index","follow":"follow","max-snippet":"max-snippet:-1","max-image-preview":"max-image-preview:large","max-video-preview":"max-video-preview:-1"},"canonical":"https:\/\/www.masaza-igorhocevar.si\/en\/massage-packages\/","og_locale":"en_US","og_type":"article","og_title":"Massage Packages | Discount on all massages","og_description":"PACKAGE 4+1 - If you purchase four (4) classic massages in advance, you will receive the additional fifth free of charge","og_url":"https:\/\/www.masaza-igorhocevar.si\/en\/massage-packages\/","og_site_name":"Masa\u017ea","article_modified_time":"2021-02-06T15:46:29+00:00","twitter_misc":{"Est. reading time":"5 minutes"},"schema":{"@context":"https:\/\/schema.org","@graph":[{"@type":"WebPage","@id":"https:\/\/www.masaza-igorhocevar.si\/en\/massage-packages\/","url":"https:\/\/www.masaza-igorhocevar.si\/en\/massage-packages\/","name":"Massage Packages | Discount on all massages","isPartOf":{"@id":"https:\/\/www.masaza-igorhocevar.si\/#website"},"datePublished":"2015-08-07T09:07:41+00:00","dateModified":"2021-02-06T15:46:29+00:00","description":"PACKAGE 4+1 - If you purchase four (4) classic massages in advance, you will receive the additional fifth free of charge","breadcrumb":{"@id":"https:\/\/www.masaza-igorhocevar.si\/en\/massage-packages\/#breadcrumb"},"inLanguage":"en-US","potentialAction":[{"@type":"ReadAction","target":["https:\/\/www.masaza-igorhocevar.si\/en\/massage-packages\/"]}]},{"@type":"BreadcrumbList","@id":"https:\/\/www.masaza-igorhocevar.si\/en\/massage-packages\/#breadcrumb","itemListElement":[{"@type":"ListItem","position":1,"name":"Home","item":"https:\/\/www.masaza-igorhocevar.si\/en\/"},{"@type":"ListItem","position":2,"name":"Massage Packages"}]},{"@type":"WebSite","@id":"https:\/\/www.masaza-igorhocevar.si\/#website","url":"https:\/\/www.masaza-igorhocevar.si\/","name":"Masa\u017ea","description":"Masa\u017ea za kvalitetnej\u0161e \u017eivljenje","potentialAction":[{"@type":"SearchAction","target":{"@type":"EntryPoint","urlTemplate":"https:\/\/www.masaza-igorhocevar.si\/?s={search_term_string}"},"query-input":{"@type":"PropertyValueSpecification","valueRequired":true,"valueName":"search_term_string"}}],"inLanguage":"en-US"}]}},"_links":{"self":[{"href":"https:\/\/www.masaza-igorhocevar.si\/en\/wp-json\/wp\/v2\/pages\/3424","targetHints":{"allow":["GET"]}}],"collection":[{"href":"https:\/\/www.masaza-igorhocevar.si\/en\/wp-json\/wp\/v2\/pages"}],"about":[{"href":"https:\/\/www.masaza-igorhocevar.si\/en\/wp-json\/wp\/v2\/types\/page"}],"author":[{"embeddable":true,"href":"https:\/\/www.masaza-igorhocevar.si\/en\/wp-json\/wp\/v2\/users\/3"}],"replies":[{"embeddable":true,"href":"https:\/\/www.masaza-igorhocevar.si\/en\/wp-json\/wp\/v2\/comments?post=3424"}],"version-history":[{"count":9,"href":"https:\/\/www.masaza-igorhocevar.si\/en\/wp-json\/wp\/v2\/pages\/3424\/revisions"}],"predecessor-version":[{"id":3774,"href":"https:\/\/www.masaza-igorhocevar.si\/en\/wp-json\/wp\/v2\/pages\/3424\/revisions\/3774"}],"wp:attachment":[{"href":"https:\/\/www.masaza-igorhocevar.si\/en\/wp-json\/wp\/v2\/media?parent=3424"}],"curies":[{"name":"wp","href":"https:\/\/api.w.org\/{rel}","templated":true}]}}