{"id":3347,"date":"2015-08-04T09:38:44","date_gmt":"2015-08-04T07:38:44","guid":{"rendered":"http:\/\/www.masaza-igorhocevar.si\/?page_id=3347"},"modified":"2021-02-06T16:51:54","modified_gmt":"2021-02-06T15:51:54","slug":"price-list","status":"publish","type":"page","link":"https:\/\/www.masaza-igorhocevar.si\/en\/price-list\/","title":{"rendered":"Price list"},"content":{"rendered":"<p>[vc_row rt_row_background_width=&#8221;default&#8221; rt_row_style=&#8221;default-style&#8221; rt_row_borders=&#8221;&#8221; rt_row_paddings=&#8221;true&#8221; rt_bg_image=&#8221;2810&#8243; rt_bg_effect=&#8221;classic&#8221; rt_bg_image_repeat=&#8221;repeat&#8221; rt_bg_size=&#8221;cover&#8221; rt_bg_position=&#8221;right top&#8221; rt_bg_attachment=&#8221;scroll&#8221; rt_bg_video_format=&#8221;self-hosted&#8221; rt_row_height=&#8221;161&#8243;][vc_column rt_wrp_col_paddings=&#8221;false&#8221; rt_border_top=&#8221;&#8221; rt_border_bottom=&#8221;&#8221; rt_border_left=&#8221;&#8221; rt_border_right=&#8221;&#8221; rt_border_top_mobile=&#8221;&#8221; rt_border_bottom_mobile=&#8221;&#8221; rt_border_left_mobile=&#8221;&#8221; rt_border_right_mobile=&#8221;&#8221; rt_bg_image_repeat=&#8221;repeat&#8221; rt_bg_size=&#8221;auto auto&#8221; rt_bg_position=&#8221;right top&#8221; rt_bg_attachment=&#8221;scroll&#8221;]<div class=\"rt_heading_wrapper style-4\">\n\t\t\t\t\t\t<h1 class=\"rt_heading headingpadd style-4\" >Price List<\/h1>\n\t\t\t\t\t<\/div>[\/vc_column][\/vc_row][vc_row rt_row_background_width=&#8221;default&#8221; rt_row_style=&#8221;default-style&#8221; rt_row_borders=&#8221;&#8221; rt_row_paddings=&#8221;true&#8221; rt_bg_effect=&#8221;classic&#8221; rt_bg_image_repeat=&#8221;repeat&#8221; rt_bg_size=&#8221;cover&#8221; rt_bg_position=&#8221;right top&#8221; rt_bg_attachment=&#8221;scroll&#8221; rt_bg_video_format=&#8221;self-hosted&#8221;][vc_column width=&#8221;1\/2&#8243; rt_wrp_col_paddings=&#8221;false&#8221; rt_border_top=&#8221;&#8221; rt_border_bottom=&#8221;&#8221; rt_border_left=&#8221;&#8221; rt_border_right=&#8221;&#8221; rt_border_top_mobile=&#8221;&#8221; rt_border_bottom_mobile=&#8221;&#8221; rt_border_left_mobile=&#8221;&#8221; rt_border_right_mobile=&#8221;&#8221; rt_bg_image_repeat=&#8221;repeat&#8221; rt_bg_size=&#8221;auto auto&#8221; rt_bg_position=&#8221;right top&#8221; rt_bg_attachment=&#8221;scroll&#8221;][vc_message message_box_style=&#8221;3d&#8221; message_box_color=&#8221;danger&#8221;]<strong><a href=\"https:\/\/www.masaza-igorhocevar.si\/en\/classic-massage\/\"><span class=\"style3\">DISCOUNT- Classic Body Massage 60 minutes for only 55 eur!<\/span><\/a><\/strong>[\/vc_message][\/vc_column][vc_column width=&#8221;1\/2&#8243; rt_wrp_col_paddings=&#8221;false&#8221; rt_border_top=&#8221;&#8221; rt_border_bottom=&#8221;&#8221; rt_border_left=&#8221;&#8221; rt_border_right=&#8221;&#8221; rt_border_top_mobile=&#8221;&#8221; rt_border_bottom_mobile=&#8221;&#8221; rt_border_left_mobile=&#8221;&#8221; rt_border_right_mobile=&#8221;&#8221; rt_bg_image_repeat=&#8221;repeat&#8221; rt_bg_size=&#8221;auto auto&#8221; rt_bg_position=&#8221;right top&#8221; rt_bg_attachment=&#8221;scroll&#8221;][vc_message message_box_style=&#8221;3d&#8221; message_box_color=&#8221;danger&#8221; icon_fontawesome=&#8221;fa fa-gift&#8221;]<\/p>\n<p><strong><a href=\"https:\/\/www.masaza-igorhocevar.si\/en\/gift-coupons\/\">Give away gift coupon for any massage from our price list.<\/a><\/strong><\/p>\n<p>[\/vc_message][\/vc_column][\/vc_row][vc_row rt_row_background_width=&#8221;default&#8221; rt_row_style=&#8221;default-style&#8221; rt_row_borders=&#8221;&#8221; rt_row_paddings=&#8221;true&#8221; rt_bg_effect=&#8221;classic&#8221; rt_bg_image_repeat=&#8221;repeat&#8221; rt_bg_size=&#8221;cover&#8221; rt_bg_position=&#8221;right top&#8221; rt_bg_attachment=&#8221;scroll&#8221; rt_bg_video_format=&#8221;self-hosted&#8221; rt_padding_top=&#8221;0&#8243; rt_padding_bottom=&#8221;0&#8243;][vc_column rt_wrp_col_paddings=&#8221;false&#8221; rt_border_top=&#8221;&#8221; rt_border_bottom=&#8221;&#8221; rt_border_left=&#8221;&#8221; rt_border_right=&#8221;&#8221; rt_border_top_mobile=&#8221;&#8221; rt_border_bottom_mobile=&#8221;&#8221; rt_border_left_mobile=&#8221;&#8221; rt_border_right_mobile=&#8221;&#8221; rt_bg_image_repeat=&#8221;repeat&#8221; rt_bg_size=&#8221;auto auto&#8221; rt_bg_position=&#8221;right top&#8221; rt_bg_attachment=&#8221;scroll&#8221;]<div id=\"\" class=\"pricing_table service \" data-rt-animation-group=\"group\"><div id=\"\" class=\"table_wrap  \" data-rt-animate=\"animate\" data-rt-animation-type=\"fadeInDown\"><ul>\n\t\t<li class=\"caption\">\n\t\t\t<div class=\"title\">Therapeutic back massage\n\t<small>\n\t\t30 min \n\t<\/small>\n\t<\/div>\n\t\t<\/li>\n\t\t\n\t\t<li class=\"price\">\n\t\t\t<div>\n\t\t\t\t<span>35 \u20ac<\/span>\n\t\t\t<\/div>\n\t\t<\/li>\n\t\t<li class=\"start_position\"><a href=\"https:\/\/www.masaza-igorhocevar.si\/en\/therapeutic-back-massage-tbm\/\">massage description<\/a><\/li>\n<\/ul>\n<\/div><div id=\"\" class=\"table_wrap  \" data-rt-animate=\"animate\" data-rt-animation-type=\"fadeInDown\"><ul>\n\t\t<li class=\"caption\">\n\t\t\t<div class=\"title\">Classic body massage \n\t<small>\n\t\t60 min \n\t<\/small>\n\t<\/div>\n\t\t<\/li>\n\t\t\n\t\t<li class=\"price\">\n\t\t\t<div>\n\t\t\t\t<span>60 \u20ac<\/span>\n\t\t\t<\/div>\n\t\t<\/li>\n\t\t<li class=\"start_position\"><a href=\"https:\/\/www.masaza-igorhocevar.si\/en\/classic-massage\/\">massage description<\/a><\/li>\n<\/ul>\n<\/div><div id=\"\" class=\"table_wrap  \" data-rt-animate=\"animate\" data-rt-animation-type=\"fadeInDown\"><ul>\n\t\t<li class=\"caption\">\n\t\t\t<div class=\"title\">Classic body massage \n\t<small>\n\t\t 70 min \n\t<\/small>\n\t<\/div>\n\t\t<\/li>\n\t\t\n\t\t<li class=\"price\">\n\t\t\t<div>\n\t\t\t\t<span>70 \u20ac<\/span>\n\t\t\t<\/div>\n\t\t<\/li>\n\t\t<li class=\"start_position\"><a href=\"https:\/\/www.masaza-igorhocevar.si\/en\/classic-massage\/\">massage description<\/a><\/li>\n<\/ul>\n<\/div><div id=\"\" class=\"table_wrap  \" data-rt-animate=\"animate\" data-rt-animation-type=\"fadeInDown\"><ul>\n\t\t<li class=\"caption\">\n\t\t\t<div class=\"title\">Classic body massage\n\t<small>\n\t\t 90 min \n\t<\/small>\n\t<\/div>\n\t\t<\/li>\n\t\t\n\t\t<li class=\"price\">\n\t\t\t<div>\n\t\t\t\t<span>85 \u20ac<\/span>\n\t\t\t<\/div>\n\t\t<\/li>\n\t\t<li class=\"start_position\"><a href=\"https:\/\/www.masaza-igorhocevar.si\/en\/classic-massage\/\">massage description<\/a><\/li>\n<\/ul>\n<\/div><\/div>[vc_column_text css=&#8221;.vc_custom_1516825372905{padding-top: 10px !important;}&#8221;]<\/p>\n<p style=\"text-align: center;\"><strong>Payment is cash only.<\/strong><\/p>\n<p>[\/vc_column_text][\/vc_column][\/vc_row][vc_row rt_row_background_width=&#8221;default&#8221; rt_row_style=&#8221;default-style&#8221; rt_row_borders=&#8221;&#8221; rt_row_paddings=&#8221;true&#8221; rt_bg_effect=&#8221;classic&#8221; rt_bg_image_repeat=&#8221;repeat&#8221; rt_bg_size=&#8221;cover&#8221; rt_bg_position=&#8221;right top&#8221; rt_bg_attachment=&#8221;scroll&#8221; rt_bg_video_format=&#8221;self-hosted&#8221;][vc_column rt_wrp_col_paddings=&#8221;false&#8221; rt_border_top=&#8221;&#8221; rt_border_bottom=&#8221;&#8221; rt_border_left=&#8221;&#8221; rt_border_right=&#8221;&#8221; rt_border_top_mobile=&#8221;&#8221; rt_border_bottom_mobile=&#8221;&#8221; rt_border_left_mobile=&#8221;&#8221; rt_border_right_mobile=&#8221;&#8221; rt_bg_image_repeat=&#8221;repeat&#8221; rt_bg_size=&#8221;auto auto&#8221; rt_bg_position=&#8221;right top&#8221; rt_bg_attachment=&#8221;scroll&#8221;][vc_message message_box_style=&#8221;3d&#8221; message_box_color=&#8221;danger&#8221;]<\/p>\n<p style=\"text-align: left;\"><a href=\"https:\/\/www.masaza-igorhocevar.si\/paketi-masaz\/\"><strong>PACKAGE 4+1 &#8211; If you buy 4 massages in package, we are giving you free fifth masage.<\/strong><\/a><\/p>\n<p>[\/vc_message][\/vc_column][\/vc_row][vc_row rt_row_background_width=&#8221;default&#8221; rt_row_style=&#8221;default-style&#8221; rt_row_borders=&#8221;&#8221; rt_row_paddings=&#8221;true&#8221; rt_bg_effect=&#8221;classic&#8221; rt_bg_image_repeat=&#8221;repeat&#8221; rt_bg_size=&#8221;cover&#8221; rt_bg_position=&#8221;right top&#8221; rt_bg_attachment=&#8221;scroll&#8221; rt_bg_video_format=&#8221;self-hosted&#8221; rt_padding_top=&#8221;0&#8243;][vc_column id=&#8221;kombmas&#8221; rt_wrp_col_paddings=&#8221;false&#8221; rt_border_top=&#8221;&#8221; rt_border_bottom=&#8221;&#8221; rt_border_left=&#8221;&#8221; rt_border_right=&#8221;&#8221; rt_border_top_mobile=&#8221;&#8221; rt_border_bottom_mobile=&#8221;&#8221; rt_border_left_mobile=&#8221;&#8221; rt_border_right_mobile=&#8221;&#8221; rt_bg_image_repeat=&#8221;repeat&#8221; rt_bg_size=&#8221;auto auto&#8221; rt_bg_position=&#8221;right top&#8221; rt_bg_attachment=&#8221;scroll&#8221;]<div class=\"rt_heading_wrapper style-3\">\n\t\t\t\t\t\t<h5 class=\"rt_heading  style-3\" id=\"kombmas\">COMBINED BODY MASSAGES &#8211; for maximum effect&amp;pleasure<\/h5>\n\t\t\t\t\t<\/div>[\/vc_column][vc_column rt_wrp_col_paddings=&#8221;false&#8221; rt_border_top=&#8221;&#8221; rt_border_bottom=&#8221;&#8221; rt_border_left=&#8221;&#8221; rt_border_right=&#8221;&#8221; rt_border_top_mobile=&#8221;&#8221; rt_border_bottom_mobile=&#8221;&#8221; rt_border_left_mobile=&#8221;&#8221; rt_border_right_mobile=&#8221;&#8221; rt_bg_image_repeat=&#8221;repeat&#8221; rt_bg_size=&#8221;auto auto&#8221; rt_bg_position=&#8221;right top&#8221; rt_bg_attachment=&#8221;scroll&#8221;]<div id=\"\" class=\"pricing_table service \" data-rt-animation-group=\"group\"><div id=\"\" class=\"table_wrap  \" data-rt-animate=\"animate\" data-rt-animation-type=\"fadeInDown\"><ul>\n\t\t<li class=\"caption\">\n\t\t\t<div class=\"title\">MASSAGE CORNER I.\n\t<small>\n\t\t60 min \n\t<\/small>\n\t<\/div>\n\t\t<\/li>\n\t\t\n\t\t<li class=\"price\">\n\t\t\t<div>\n\t\t\t\t<span>60 \u20ac<\/span>\n\t\t\t<\/div>\n\t\t<\/li>\n\t\t<li class=\"start_position\"><a title=\"O terapevtski masa\u017ei\" href=\"https:\/\/www.masaza-igorhocevar.si\/en\/therapeutic-back-massage-tbm\/\">Therapeutic Back Massage<\/a> (30 min)<\/li>\n<li><a href=\"https:\/\/www.masaza-igorhocevar.si\/en\/head-massage\/\">Head Massage <\/a> (15 min)<\/li>\n<li>Foot Massage (15 min)<\/li>\n<\/ul>\n<\/div><div id=\"\" class=\"table_wrap  \" data-rt-animate=\"animate\" data-rt-animation-type=\"fadeInDown\"><ul>\n\t\t<li class=\"caption\">\n\t\t\t<div class=\"title\">MASSAGE CORNER II.\n\t<small>\n\t\t60 min \n\t<\/small>\n\t<\/div>\n\t\t<\/li>\n\t\t\n\t\t<li class=\"price\">\n\t\t\t<div>\n\t\t\t\t<span>60 \u20ac<\/span>\n\t\t\t<\/div>\n\t\t<\/li>\n\t\t<li class=\"start_position\"><a title=\"O terapevtski masa\u017ei\" href=\"https:\/\/www.masaza-igorhocevar.si\/en\/therapeutic-back-massage-tbm\/\">Therapeutic Back Massage <\/a>(30 min)<\/li>\n<li><a href=\"https:\/\/www.masaza-igorhocevar.si\/en\/head-massage\/\">Head Massage<\/a>\u00a0(15 min)<\/li>\n<li>Hand Massage (15 min)<\/li>\n<\/ul>\n<\/div><div id=\"\" class=\"table_wrap  \" data-rt-animate=\"animate\" data-rt-animation-type=\"fadeInDown\"><ul>\n\t\t<li class=\"caption\">\n\t\t\t<div class=\"title\">Back and hand massage\n\t<small>\n\t\t45 min \n\t<\/small>\n\t<\/div>\n\t\t<\/li>\n\t\t\n\t\t<li class=\"price\">\n\t\t\t<div>\n\t\t\t\t<span>48 \u20ac<\/span>\n\t\t\t<\/div>\n\t\t<\/li>\n\t\t<li class=\"start_position\"><a title=\"O terapevtski masa\u017ei\" href=\"https:\/\/www.masaza-igorhocevar.si\/en\/therapeutic-back-massage-tbm\/\">Therapeutic Back Massage <\/a>(30 min)<\/li>\n<li>Hand massage (15 min)<\/li>\n<\/ul>\n<\/div><div id=\"\" class=\"table_wrap  \" data-rt-animate=\"animate\" data-rt-animation-type=\"fadeInDown\"><ul>\n\t\t<li class=\"caption\">\n\t\t\t<div class=\"title\">Back and head massage\n\t<small>\n\t\t45 min \n\t<\/small>\n\t<\/div>\n\t\t<\/li>\n\t\t\n\t\t<li class=\"price\">\n\t\t\t<div>\n\t\t\t\t<span>48 \u20ac<\/span>\n\t\t\t<\/div>\n\t\t<\/li>\n\t\t<li class=\"start_position\"><a title=\"O terapevtski masa\u017ei\" href=\"https:\/\/www.masaza-igorhocevar.si\/en\/therapeutic-back-massage-tbm\/\">Therapeutic Back Massage <\/a>(30 min)<\/li>\n<li><a href=\"https:\/\/www.masaza-igorhocevar.si\/en\/head-massage\/\">Head Massage <\/a>(15 min)<\/li>\n<\/ul>\n<\/div><\/div>[vc_column_text css=&#8221;.vc_custom_1516825384366{padding-top: 10px !important;}&#8221;]<\/p>\n<p style=\"text-align: center;\"><strong>Payments is cash only.<\/strong> All prices are VAT-exempt, since we are not VAT taxable. Reductions are not cumulative.<\/p>\n<p>[\/vc_column_text][\/vc_column][\/vc_row]<\/p>\n","protected":false},"excerpt":{"rendered":"<p>[vc_row rt_row_background_width=&#8221;default&#8221; rt_row_style=&#8221;default-style&#8221; rt_row_borders=&#8221;&#8221; rt_row_paddings=&#8221;true&#8221; rt_bg_image=&#8221;2810&#8243; rt_bg_effect=&#8221;classic&#8221; rt_bg_image_repeat=&#8221;repeat&#8221; rt_bg_size=&#8221;cover&#8221; rt_bg_position=&#8221;right top&#8221; rt_bg_attachment=&#8221;scroll&#8221; rt_bg_video_format=&#8221;self-hosted&#8221; rt_row_height=&#8221;161&#8243;][vc_column rt_wrp_col_paddings=&#8221;false&#8221; rt_border_top=&#8221;&#8221; rt_border_bottom=&#8221;&#8221; rt_border_left=&#8221;&#8221; rt_border_right=&#8221;&#8221; rt_border_top_mobile=&#8221;&#8221; rt_border_bottom_mobile=&#8221;&#8221; rt_border_left_mobile=&#8221;&#8221; rt_border_right_mobile=&#8221;&#8221; rt_bg_image_repeat=&#8221;repeat&#8221; rt_bg_size=&#8221;auto auto&#8221; rt_bg_position=&#8221;right top&#8221; rt_bg_attachment=&#8221;scroll&#8221;][\/vc_column][\/vc_row][vc_row rt_row_background_width=&#8221;default&#8221; rt_row_style=&#8221;default-style&#8221; rt_row_borders=&#8221;&#8221; rt_row_paddings=&#8221;true&#8221; rt_bg_effect=&#8221;classic&#8221; rt_bg_image_repeat=&#8221;repeat&#8221; rt_bg_size=&#8221;cover&#8221; rt_bg_position=&#8221;right top&#8221; rt_bg_attachment=&#8221;scroll&#8221; rt_bg_video_format=&#8221;self-hosted&#8221;][vc_column width=&#8221;1\/2&#8243; rt_wrp_col_paddings=&#8221;false&#8221; rt_border_top=&#8221;&#8221; rt_border_bottom=&#8221;&#8221; rt_border_left=&#8221;&#8221; rt_border_right=&#8221;&#8221; rt_border_top_mobile=&#8221;&#8221; rt_border_bottom_mobile=&#8221;&#8221; rt_border_left_mobile=&#8221;&#8221; rt_border_right_mobile=&#8221;&#8221; rt_bg_image_repeat=&#8221;repeat&#8221; rt_bg_size=&#8221;auto auto&#8221; rt_bg_position=&#8221;right top&#8221; [&hellip;]<\/p>\n","protected":false},"author":3,"featured_media":0,"parent":0,"menu_order":0,"comment_status":"closed","ping_status":"closed","template":"","meta":{"footnotes":""},"class_list":["post-3347","page","type-page","status-publish","hentry"],"yoast_head":"<!-- This site is optimized with the Yoast SEO plugin v24.9 - https:\/\/yoast.com\/wordpress\/plugins\/seo\/ -->\n<title>Price list for massages<\/title>\n<meta name=\"description\" content=\"Therapeutic back massage 25\u20ac, Classic body massage 48\u20ac, Classic Foot Massage 25\u20ac, Head Massage, Combined Massages 42 \u20ac\" \/>\n<meta name=\"robots\" content=\"index, follow, max-snippet:-1, max-image-preview:large, max-video-preview:-1\" \/>\n<link rel=\"canonical\" href=\"https:\/\/www.masaza-igorhocevar.si\/cenik-masaz\/\" \/>\n<meta property=\"og:locale\" content=\"en_US\" \/>\n<meta property=\"og:type\" content=\"article\" \/>\n<meta property=\"og:title\" content=\"Price list for massages\" \/>\n<meta property=\"og:description\" content=\"Therapeutic back massage 25\u20ac, Classic body massage 48\u20ac, Classic Foot Massage 25\u20ac, Head Massage, Combined Massages 42 \u20ac\" \/>\n<meta property=\"og:url\" content=\"https:\/\/www.masaza-igorhocevar.si\/cenik-masaz\/\" \/>\n<meta property=\"og:site_name\" content=\"Masa\u017ea\" \/>\n<meta property=\"article:modified_time\" content=\"2021-02-06T15:51:54+00:00\" \/>\n<meta name=\"twitter:label1\" content=\"Est. reading time\" \/>\n\t<meta name=\"twitter:data1\" content=\"5 minutes\" \/>\n<script type=\"application\/ld+json\" class=\"yoast-schema-graph\">{\"@context\":\"https:\/\/schema.org\",\"@graph\":[{\"@type\":\"WebPage\",\"@id\":\"https:\/\/www.masaza-igorhocevar.si\/cenik-masaz\/\",\"url\":\"https:\/\/www.masaza-igorhocevar.si\/cenik-masaz\/\",\"name\":\"Price list for massages\",\"isPartOf\":{\"@id\":\"https:\/\/www.masaza-igorhocevar.si\/#website\"},\"datePublished\":\"2015-08-04T07:38:44+00:00\",\"dateModified\":\"2021-02-06T15:51:54+00:00\",\"description\":\"Therapeutic back massage 25\u20ac, Classic body massage 48\u20ac, Classic Foot Massage 25\u20ac, Head Massage, Combined Massages 42 \u20ac\",\"breadcrumb\":{\"@id\":\"https:\/\/www.masaza-igorhocevar.si\/cenik-masaz\/#breadcrumb\"},\"inLanguage\":\"en-US\",\"potentialAction\":[{\"@type\":\"ReadAction\",\"target\":[\"https:\/\/www.masaza-igorhocevar.si\/cenik-masaz\/\"]}]},{\"@type\":\"BreadcrumbList\",\"@id\":\"https:\/\/www.masaza-igorhocevar.si\/cenik-masaz\/#breadcrumb\",\"itemListElement\":[{\"@type\":\"ListItem\",\"position\":1,\"name\":\"Home\",\"item\":\"https:\/\/www.masaza-igorhocevar.si\/en\/\"},{\"@type\":\"ListItem\",\"position\":2,\"name\":\"Price list\"}]},{\"@type\":\"WebSite\",\"@id\":\"https:\/\/www.masaza-igorhocevar.si\/#website\",\"url\":\"https:\/\/www.masaza-igorhocevar.si\/\",\"name\":\"Masa\u017ea\",\"description\":\"Masa\u017ea za kvalitetnej\u0161e \u017eivljenje\",\"potentialAction\":[{\"@type\":\"SearchAction\",\"target\":{\"@type\":\"EntryPoint\",\"urlTemplate\":\"https:\/\/www.masaza-igorhocevar.si\/?s={search_term_string}\"},\"query-input\":{\"@type\":\"PropertyValueSpecification\",\"valueRequired\":true,\"valueName\":\"search_term_string\"}}],\"inLanguage\":\"en-US\"}]}<\/script>\n<!-- \/ Yoast SEO plugin. -->","yoast_head_json":{"title":"Price list for massages","description":"Therapeutic back massage 25\u20ac, Classic body massage 48\u20ac, Classic Foot Massage 25\u20ac, Head Massage, Combined Massages 42 \u20ac","robots":{"index":"index","follow":"follow","max-snippet":"max-snippet:-1","max-image-preview":"max-image-preview:large","max-video-preview":"max-video-preview:-1"},"canonical":"https:\/\/www.masaza-igorhocevar.si\/cenik-masaz\/","og_locale":"en_US","og_type":"article","og_title":"Price list for massages","og_description":"Therapeutic back massage 25\u20ac, Classic body massage 48\u20ac, Classic Foot Massage 25\u20ac, Head Massage, Combined Massages 42 \u20ac","og_url":"https:\/\/www.masaza-igorhocevar.si\/cenik-masaz\/","og_site_name":"Masa\u017ea","article_modified_time":"2021-02-06T15:51:54+00:00","twitter_misc":{"Est. reading time":"5 minutes"},"schema":{"@context":"https:\/\/schema.org","@graph":[{"@type":"WebPage","@id":"https:\/\/www.masaza-igorhocevar.si\/cenik-masaz\/","url":"https:\/\/www.masaza-igorhocevar.si\/cenik-masaz\/","name":"Price list for massages","isPartOf":{"@id":"https:\/\/www.masaza-igorhocevar.si\/#website"},"datePublished":"2015-08-04T07:38:44+00:00","dateModified":"2021-02-06T15:51:54+00:00","description":"Therapeutic back massage 25\u20ac, Classic body massage 48\u20ac, Classic Foot Massage 25\u20ac, Head Massage, Combined Massages 42 \u20ac","breadcrumb":{"@id":"https:\/\/www.masaza-igorhocevar.si\/cenik-masaz\/#breadcrumb"},"inLanguage":"en-US","potentialAction":[{"@type":"ReadAction","target":["https:\/\/www.masaza-igorhocevar.si\/cenik-masaz\/"]}]},{"@type":"BreadcrumbList","@id":"https:\/\/www.masaza-igorhocevar.si\/cenik-masaz\/#breadcrumb","itemListElement":[{"@type":"ListItem","position":1,"name":"Home","item":"https:\/\/www.masaza-igorhocevar.si\/en\/"},{"@type":"ListItem","position":2,"name":"Price list"}]},{"@type":"WebSite","@id":"https:\/\/www.masaza-igorhocevar.si\/#website","url":"https:\/\/www.masaza-igorhocevar.si\/","name":"Masa\u017ea","description":"Masa\u017ea za kvalitetnej\u0161e \u017eivljenje","potentialAction":[{"@type":"SearchAction","target":{"@type":"EntryPoint","urlTemplate":"https:\/\/www.masaza-igorhocevar.si\/?s={search_term_string}"},"query-input":{"@type":"PropertyValueSpecification","valueRequired":true,"valueName":"search_term_string"}}],"inLanguage":"en-US"}]}},"_links":{"self":[{"href":"https:\/\/www.masaza-igorhocevar.si\/en\/wp-json\/wp\/v2\/pages\/3347","targetHints":{"allow":["GET"]}}],"collection":[{"href":"https:\/\/www.masaza-igorhocevar.si\/en\/wp-json\/wp\/v2\/pages"}],"about":[{"href":"https:\/\/www.masaza-igorhocevar.si\/en\/wp-json\/wp\/v2\/types\/page"}],"author":[{"embeddable":true,"href":"https:\/\/www.masaza-igorhocevar.si\/en\/wp-json\/wp\/v2\/users\/3"}],"replies":[{"embeddable":true,"href":"https:\/\/www.masaza-igorhocevar.si\/en\/wp-json\/wp\/v2\/comments?post=3347"}],"version-history":[{"count":11,"href":"https:\/\/www.masaza-igorhocevar.si\/en\/wp-json\/wp\/v2\/pages\/3347\/revisions"}],"predecessor-version":[{"id":3777,"href":"https:\/\/www.masaza-igorhocevar.si\/en\/wp-json\/wp\/v2\/pages\/3347\/revisions\/3777"}],"wp:attachment":[{"href":"https:\/\/www.masaza-igorhocevar.si\/en\/wp-json\/wp\/v2\/media?parent=3347"}],"curies":[{"name":"wp","href":"https:\/\/api.w.org\/{rel}","templated":true}]}}